{"id":2009,"date":"2025-03-28T11:14:15","date_gmt":"2025-03-28T10:14:15","guid":{"rendered":"http:\/\/vfr-badsalzig.de\/?page_id=2009"},"modified":"2025-08-18T17:45:12","modified_gmt":"2025-08-18T15:45:12","slug":"aktuelles-2","status":"publish","type":"page","link":"https:\/\/vfr-badsalzig.de\/?page_id=2009","title":{"rendered":"Die Lotto-Elf kommt nach Bad Salzig"},"content":{"rendered":"<h3><\/h3>\n<p>Gro\u00dfereignisse werfen ihre Schatten voraus. Die legend\u00e4re Lotto-Elf spielt am <strong>18. September 2025 um 19 Uhr<\/strong> in Bad Salzig beim gro\u00dfen Sportfest des VfR Salisso Bad Salzig. Ausrichter ist der VfR, Spendenempf\u00e4nger die Stiftung Bethesda. Zuletzt fand die Auftaktveranstaltung im Hause Lotto statt. SAVE THE DATE.\u00a0 Der VfR und die Lotto-Elf freuen sich auf euch!<\/p>\n<p>Tickets k\u00f6nnen bereits unter folgendem Link erworben werden:<\/p>\n<p><a href=\"https:\/\/events.vereinsticket.de\/vfr-badsalzig\">Eventportal: Ticketsystem VFR Salisso Bad Salzig<\/a><\/p>\n<p><a href=\"http:\/\/vfr-badsalzig.de\/wp-content\/uploads\/2025\/03\/485351029_1058591929623194_4862396966938062738_n.jpg\"><img loading=\"lazy\" decoding=\"async\" class=\"aligncenter size-full wp-image-2012\" src=\"http:\/\/vfr-badsalzig.de\/wp-content\/uploads\/2025\/03\/485351029_1058591929623194_4862396966938062738_n.jpg\" alt=\"\" width=\"1290\" height=\"2047\" srcset=\"https:\/\/vfr-badsalzig.de\/wp-content\/uploads\/2025\/03\/485351029_1058591929623194_4862396966938062738_n.jpg 1290w, https:\/\/vfr-badsalzig.de\/wp-content\/uploads\/2025\/03\/485351029_1058591929623194_4862396966938062738_n-189x300.jpg 189w, https:\/\/vfr-badsalzig.de\/wp-content\/uploads\/2025\/03\/485351029_1058591929623194_4862396966938062738_n-768x1219.jpg 768w, https:\/\/vfr-badsalzig.de\/wp-content\/uploads\/2025\/03\/485351029_1058591929623194_4862396966938062738_n-968x1536.jpg 968w\" sizes=\"auto, (max-width: 1290px) 100vw, 1290px\" \/><\/a><\/p>\n","protected":false},"excerpt":{"rendered":"<p>Gro\u00dfereignisse werfen ihre Schatten voraus. Die legend\u00e4re Lotto-Elf spielt am 18. September 2025 um 19 Uhr in Bad Salzig beim gro\u00dfen Sportfest des VfR Salisso Bad Salzig. Ausrichter ist der VfR, Spendenempf\u00e4nger die Stiftung Bethesda. Zuletzt fand die Auftaktveranstaltung im Hause Lotto statt. SAVE THE DATE.\u00a0 Der VfR und die <a class=\"more-link\" href=\"https:\/\/vfr-badsalzig.de\/?page_id=2009\"><span class=\"screen-reader-text\">  Die Lotto-Elf kommt nach Bad Salzig<\/span> weiterlesen<span class=\"meta-nav\">&rarr;<\/span><\/a><\/p>\n","protected":false},"author":5,"featured_media":0,"parent":0,"menu_order":0,"comment_status":"closed","ping_status":"closed","template":"","meta":{"footnotes":""},"class_list":["post-2009","page","type-page","status-publish","hentry"],"_links":{"self":[{"href":"https:\/\/vfr-badsalzig.de\/index.php?rest_route=\/wp\/v2\/pages\/2009","targetHints":{"allow":["GET"]}}],"collection":[{"href":"https:\/\/vfr-badsalzig.de\/index.php?rest_route=\/wp\/v2\/pages"}],"about":[{"href":"https:\/\/vfr-badsalzig.de\/index.php?rest_route=\/wp\/v2\/types\/page"}],"author":[{"embeddable":true,"href":"https:\/\/vfr-badsalzig.de\/index.php?rest_route=\/wp\/v2\/users\/5"}],"replies":[{"embeddable":true,"href":"https:\/\/vfr-badsalzig.de\/index.php?rest_route=%2Fwp%2Fv2%2Fcomments&post=2009"}],"version-history":[{"count":9,"href":"https:\/\/vfr-badsalzig.de\/index.php?rest_route=\/wp\/v2\/pages\/2009\/revisions"}],"predecessor-version":[{"id":2107,"href":"https:\/\/vfr-badsalzig.de\/index.php?rest_route=\/wp\/v2\/pages\/2009\/revisions\/2107"}],"wp:attachment":[{"href":"https:\/\/vfr-badsalzig.de\/index.php?rest_route=%2Fwp%2Fv2%2Fmedia&parent=2009"}],"curies":[{"name":"wp","href":"https:\/\/api.w.org\/{rel}","templated":true}]}}