{"id":10,"date":"2017-06-25T05:54:26","date_gmt":"2017-06-25T05:54:26","guid":{"rendered":"http:\/\/vfr-badsalzig.de\/wordpress\/?page_id=10"},"modified":"2025-04-07T12:10:11","modified_gmt":"2025-04-07T10:10:11","slug":"news","status":"publish","type":"page","link":"https:\/\/vfr-badsalzig.de\/","title":{"rendered":""},"content":{"rendered":"<p style=\"text-align: center;\"><strong><span style=\"color: #333333;\"><span style=\"font-family: 'Open Sans', sans-serif, google;\"><span style=\"font-size: small;\">Herzlich Willkommen auf der Homepage des VfR Salisso Bad Salzig<\/span><\/span><\/span><\/strong><\/p>\n<p>Hier erfahren Sie vieles \u00fcber den Verein sowie die anderen Teams des VfR Bad Salzig. Lernen Sie die Spieler, das Trainerteam, die Betreuer und den Vorstand kennen, welche hinter dem Verein stehen und mit viel Engagement die Vereinsarbeit sowie den Erfolg m\u00f6glich machen.<\/p>\n<p>Sollten Sie Interesse haben sich unserer Fu\u00dfballmannschaft oder unseres Leichtathletik &#8211; Teams anzuschlie\u00dfen, dann kontaktieren Sie uns gerne per Mail oder sprechen Sie pers\u00f6nlich mit unserem Trainerteam oder den Mitgliedern des Vorstands.<\/p>\n<p>Besuchen Sie uns gerne bei unseren Trainingseinheiten oder schauen Sie sich unsere Spiele, Wettk\u00e4mpfe und Veranstaltungen an.<\/p>\n<p>Wir freuen uns auf Sie.<\/p>\n<p style=\"text-align: center;\"><a href=\"http:\/\/vfr-badsalzig.de\/wp-content\/uploads\/2025\/03\/VFR-Mannschaftsfoto-NEU-1.jpg\" target=\"_blank\" rel=\"noopener\"><img decoding=\"async\" src=\"http:\/\/vfr-badsalzig.de\/wp-content\/uploads\/2025\/03\/VFR-Mannschaftsfoto-NEU-1.jpg\" \/><\/a><\/p>\n","protected":false},"excerpt":{"rendered":"<p>Herzlich Willkommen auf der Homepage des VfR Salisso Bad Salzig Hier erfahren Sie vieles \u00fcber den Verein sowie die anderen Teams des VfR Bad Salzig. Lernen Sie die Spieler, das Trainerteam, die Betreuer und den Vorstand kennen, welche hinter dem Verein stehen und mit viel Engagement die Vereinsarbeit sowie den <a class=\"more-link\" href=\"https:\/\/vfr-badsalzig.de\/\"><span class=\"screen-reader-text\">  <\/span> weiterlesen<span class=\"meta-nav\">&rarr;<\/span><\/a><\/p>\n","protected":false},"author":4,"featured_media":0,"parent":0,"menu_order":0,"comment_status":"closed","ping_status":"closed","template":"","meta":{"footnotes":""},"class_list":["post-10","page","type-page","status-publish","hentry"],"_links":{"self":[{"href":"https:\/\/vfr-badsalzig.de\/index.php?rest_route=\/wp\/v2\/pages\/10","targetHints":{"allow":["GET"]}}],"collection":[{"href":"https:\/\/vfr-badsalzig.de\/index.php?rest_route=\/wp\/v2\/pages"}],"about":[{"href":"https:\/\/vfr-badsalzig.de\/index.php?rest_route=\/wp\/v2\/types\/page"}],"author":[{"embeddable":true,"href":"https:\/\/vfr-badsalzig.de\/index.php?rest_route=\/wp\/v2\/users\/4"}],"replies":[{"embeddable":true,"href":"https:\/\/vfr-badsalzig.de\/index.php?rest_route=%2Fwp%2Fv2%2Fcomments&post=10"}],"version-history":[{"count":11,"href":"https:\/\/vfr-badsalzig.de\/index.php?rest_route=\/wp\/v2\/pages\/10\/revisions"}],"predecessor-version":[{"id":2025,"href":"https:\/\/vfr-badsalzig.de\/index.php?rest_route=\/wp\/v2\/pages\/10\/revisions\/2025"}],"wp:attachment":[{"href":"https:\/\/vfr-badsalzig.de\/index.php?rest_route=%2Fwp%2Fv2%2Fmedia&parent=10"}],"curies":[{"name":"wp","href":"https:\/\/api.w.org\/{rel}","templated":true}]}}